{"id":14,"date":"2022-01-26T13:33:30","date_gmt":"2022-01-26T13:33:30","guid":{"rendered":"https:\/\/logibrex.mailbox-marketing9.be\/?page_id=14"},"modified":"2022-02-01T12:45:40","modified_gmt":"2022-02-01T12:45:40","slug":"services-de-transport","status":"publish","type":"page","link":"https:\/\/logibrex.be\/fr\/transport-services\/","title":{"rendered":"Services de transport"},"content":{"rendered":"<div data-elementor-type=\"wp-page\" data-elementor-id=\"14\" class=\"elementor elementor-14\" data-elementor-settings=\"{&quot;ha_cmc_init_switcher&quot;:&quot;no&quot;}\" data-elementor-post-type=\"page\">\n\t\t\t\t\t\t<section class=\"elementor-section elementor-top-section elementor-element elementor-element-1594b59 elementor-section-height-min-height elementor-section-items-stretch elementor-section-content-bottom elementor-section-boxed elementor-section-height-default\" data-id=\"1594b59\" data-element_type=\"section\" data-e-type=\"section\" data-settings=\"{&quot;background_background&quot;:&quot;classic&quot;}\">\n\t\t\t\t\t\t\t<div class=\"elementor-background-overlay\"><\/div>\n\t\t\t\t\t\t\t<div class=\"elementor-container elementor-column-gap-default\">\n\t\t\t\t\t<div class=\"elementor-column elementor-col-100 elementor-top-column elementor-element elementor-element-1fbd85f\" data-id=\"1fbd85f\" data-element_type=\"column\" data-e-type=\"column\">\n\t\t\t<div class=\"elementor-widget-wrap elementor-element-populated\">\n\t\t\t\t\t\t<div class=\"elementor-element elementor-element-7fd0abf elementor-widget__width-initial elementor-widget elementor-widget-heading\" data-id=\"7fd0abf\" data-element_type=\"widget\" data-e-type=\"widget\" data-widget_type=\"heading.default\">\n\t\t\t\t<div class=\"elementor-widget-container\">\n\t\t\t\t\t<h1 class=\"elementor-heading-title elementor-size-default\">Service de transport<\/h1>\t\t\t\t<\/div>\n\t\t\t\t<\/div>\n\t\t\t\t\t<\/div>\n\t\t<\/div>\n\t\t\t\t\t<\/div>\n\t\t<\/section>\n\t\t\t\t<section class=\"elementor-section elementor-top-section elementor-element elementor-element-f518ba4 elementor-reverse-mobile elementor-section-boxed elementor-section-height-default elementor-section-height-default\" data-id=\"f518ba4\" data-element_type=\"section\" data-e-type=\"section\">\n\t\t\t\t\t\t<div class=\"elementor-container elementor-column-gap-default\">\n\t\t\t\t\t<div class=\"elementor-column elementor-col-50 elementor-top-column elementor-element elementor-element-5fa5e17\" data-id=\"5fa5e17\" data-element_type=\"column\" data-e-type=\"column\">\n\t\t\t<div class=\"elementor-widget-wrap elementor-element-populated\">\n\t\t\t\t\t\t<div class=\"elementor-element elementor-element-1880dfb elementor-widget elementor-widget-image\" data-id=\"1880dfb\" data-element_type=\"widget\" data-e-type=\"widget\" data-widget_type=\"image.default\">\n\t\t\t\t<div class=\"elementor-widget-container\">\n\t\t\t\t\t\t\t\t\t\t\t\t\t\t\t<img fetchpriority=\"high\" decoding=\"async\" width=\"768\" height=\"427\" src=\"https:\/\/logibrex.be\/wp-content\/uploads\/2022\/01\/Logibrex-1-768x427.jpg\" class=\"attachment-medium_large size-medium_large wp-image-448\" alt=\"\" srcset=\"https:\/\/logibrex.be\/wp-content\/uploads\/2022\/01\/Logibrex-1-768x427.jpg 768w, https:\/\/logibrex.be\/wp-content\/uploads\/2022\/01\/Logibrex-1-500x278.jpg 500w, https:\/\/logibrex.be\/wp-content\/uploads\/2022\/01\/Logibrex-1-1024x569.jpg 1024w, https:\/\/logibrex.be\/wp-content\/uploads\/2022\/01\/Logibrex-1.jpg 1366w\" sizes=\"(max-width: 768px) 100vw, 768px\" \/>\t\t\t\t\t\t\t\t\t\t\t\t\t\t\t<\/div>\n\t\t\t\t<\/div>\n\t\t\t\t\t<\/div>\n\t\t<\/div>\n\t\t\t\t<div class=\"elementor-column elementor-col-50 elementor-top-column elementor-element elementor-element-1e5b5f6\" data-id=\"1e5b5f6\" data-element_type=\"column\" data-e-type=\"column\">\n\t\t\t<div class=\"elementor-widget-wrap elementor-element-populated\">\n\t\t\t\t\t\t<div class=\"elementor-element elementor-element-7470836 elementor-widget elementor-widget-heading\" data-id=\"7470836\" data-element_type=\"widget\" data-e-type=\"widget\" data-widget_type=\"heading.default\">\n\t\t\t\t<div class=\"elementor-widget-container\">\n\t\t\t\t\t<h2 class=\"elementor-heading-title elementor-size-default\">Transport routier g\u00e9n\u00e9ral de groupage, de lots partiels et de fret complet :\n<\/h2>\t\t\t\t<\/div>\n\t\t\t\t<\/div>\n\t\t\t\t<div class=\"elementor-element elementor-element-4fba625 elementor-widget elementor-widget-text-editor\" data-id=\"4fba625\" data-element_type=\"widget\" data-e-type=\"widget\" data-widget_type=\"text-editor.default\">\n\t\t\t\t<div class=\"elementor-widget-container\">\n\t\t\t\t\t\t\t\t\t<p>Quelle que soit la taille de votre cargaison, nous prenons en charge le transport routier de groupage, mais aussi de charges partielles \u00e0 charges compl\u00e8tes.<\/p><p>Gr\u00e2ce \u00e0 notre <strong>ann\u00e9es d'exp\u00e9rience<\/strong> Nous pouvons compter sur un vaste r\u00e9seau europ\u00e9en de partenaires et de transporteurs. Un par un <strong>sp\u00e9cialistes<\/strong> dans leur r\u00e9gion ou des experts dans leur niche de transport.<\/p><p>Qu'il s'agisse de <strong>1 palette ou un chargement complet<\/strong>. Nous veillons \u00e0 ce que votre cargaison atteigne sa destination internationale.<\/p><p>Nous avons exactement les camions dont vous avez besoin : camions \u00e0 rideaux, camions-caisses, camions \u00e0 plateau, camions frigorifiques... Nous avons m\u00eame des camions ADR pour le transport de vos marchandises dangereuses emball\u00e9es dans toute l'Europe.<\/p><p>G\u00e9ographiquement, nous offrons nos services sur <strong>toute l'Europe<\/strong>mais avec une sp\u00e9cialisation approfondie sur les pays suivants : Royaume-Uni, Allemagne, France, Italie, Espagne et Europe de l'Est. Aussi <strong>Paneurop\u00e9en<\/strong> envois et consignations <strong>en dehors de l'Europe sont possibles<\/strong>.<\/p>\t\t\t\t\t\t\t\t<\/div>\n\t\t\t\t<\/div>\n\t\t\t\t\t<\/div>\n\t\t<\/div>\n\t\t\t\t\t<\/div>\n\t\t<\/section>\n\t\t\t\t<section class=\"elementor-section elementor-top-section elementor-element elementor-element-88af352 elementor-section-boxed elementor-section-height-default elementor-section-height-default\" data-id=\"88af352\" data-element_type=\"section\" data-e-type=\"section\" data-settings=\"{&quot;background_background&quot;:&quot;classic&quot;}\">\n\t\t\t\t\t\t<div class=\"elementor-container elementor-column-gap-default\">\n\t\t\t\t\t<div class=\"elementor-column elementor-col-50 elementor-top-column elementor-element elementor-element-6085817\" data-id=\"6085817\" data-element_type=\"column\" data-e-type=\"column\">\n\t\t\t<div class=\"elementor-widget-wrap elementor-element-populated\">\n\t\t\t\t\t\t<div class=\"elementor-element elementor-element-02a936b elementor-widget elementor-widget-heading\" data-id=\"02a936b\" data-element_type=\"widget\" data-e-type=\"widget\" data-widget_type=\"heading.default\">\n\t\t\t\t<div class=\"elementor-widget-container\">\n\t\t\t\t\t<h2 class=\"elementor-heading-title elementor-size-default\">Transport express \n<\/h2>\t\t\t\t<\/div>\n\t\t\t\t<\/div>\n\t\t\t\t<div class=\"elementor-element elementor-element-db4f32e elementor-widget elementor-widget-text-editor\" data-id=\"db4f32e\" data-element_type=\"widget\" data-e-type=\"widget\" data-widget_type=\"text-editor.default\">\n\t\t\t\t<div class=\"elementor-widget-container\">\n\t\t\t\t\t\t\t\t\t<p>Est-ce que \u00e7a doit vraiment \u00eatre <strong>rapide<\/strong> partir ? Alors nous pouvons vous aider aussi !<\/p><p>Cela peut \u00eatre fait pour <strong>national<\/strong> comme <strong>international<\/strong> destinations.<br \/>Pour les petits envois, nous utilisons des camionnettes. <br \/>Pour les envois plus importants, nous pouvons utiliser des camions. <br \/>Avec ou sans <strong>\u00e9quipe double<\/strong> si c'est n\u00e9cessaire !<\/p>\t\t\t\t\t\t\t\t<\/div>\n\t\t\t\t<\/div>\n\t\t\t\t\t<\/div>\n\t\t<\/div>\n\t\t\t\t<div class=\"elementor-column elementor-col-50 elementor-top-column elementor-element elementor-element-7e91d68\" data-id=\"7e91d68\" data-element_type=\"column\" data-e-type=\"column\">\n\t\t\t<div class=\"elementor-widget-wrap elementor-element-populated\">\n\t\t\t\t\t\t<div class=\"elementor-element elementor-element-b04a4ab elementor-widget__width-initial elementor-widget elementor-widget-image\" data-id=\"b04a4ab\" data-element_type=\"widget\" data-e-type=\"widget\" data-widget_type=\"image.default\">\n\t\t\t\t<div class=\"elementor-widget-container\">\n\t\t\t\t\t\t\t\t\t\t\t\t\t\t\t<img decoding=\"async\" width=\"500\" height=\"333\" src=\"https:\/\/logibrex.be\/wp-content\/uploads\/2022\/02\/Logibrex-2-500x333.jpg\" class=\"attachment-medium size-medium wp-image-512\" alt=\"\" srcset=\"https:\/\/logibrex.be\/wp-content\/uploads\/2022\/02\/Logibrex-2-500x333.jpg 500w, https:\/\/logibrex.be\/wp-content\/uploads\/2022\/02\/Logibrex-2-18x12.jpg 18w, https:\/\/logibrex.be\/wp-content\/uploads\/2022\/02\/Logibrex-2.jpg 720w\" sizes=\"(max-width: 500px) 100vw, 500px\" \/>\t\t\t\t\t\t\t\t\t\t\t\t\t\t\t<\/div>\n\t\t\t\t<\/div>\n\t\t\t\t<div class=\"elementor-element elementor-element-a73d69b elementor-widget__width-initial elementor-widget elementor-widget-image\" data-id=\"a73d69b\" data-element_type=\"widget\" data-e-type=\"widget\" data-widget_type=\"image.default\">\n\t\t\t\t<div class=\"elementor-widget-container\">\n\t\t\t\t\t\t\t\t\t\t\t\t\t\t\t<img decoding=\"async\" width=\"500\" height=\"333\" src=\"https:\/\/logibrex.be\/wp-content\/uploads\/2022\/02\/Logibrex-3-500x333.jpg\" class=\"attachment-medium size-medium wp-image-505\" alt=\"\" srcset=\"https:\/\/logibrex.be\/wp-content\/uploads\/2022\/02\/Logibrex-3-500x333.jpg 500w, https:\/\/logibrex.be\/wp-content\/uploads\/2022\/02\/Logibrex-3-18x12.jpg 18w, https:\/\/logibrex.be\/wp-content\/uploads\/2022\/02\/Logibrex-3.jpg 720w\" sizes=\"(max-width: 500px) 100vw, 500px\" \/>\t\t\t\t\t\t\t\t\t\t\t\t\t\t\t<\/div>\n\t\t\t\t<\/div>\n\t\t\t\t<div class=\"elementor-element elementor-element-d40b44a elementor-widget__width-initial elementor-widget elementor-widget-image\" data-id=\"d40b44a\" data-element_type=\"widget\" data-e-type=\"widget\" data-widget_type=\"image.default\">\n\t\t\t\t<div class=\"elementor-widget-container\">\n\t\t\t\t\t\t\t\t\t\t\t\t\t\t\t<img loading=\"lazy\" decoding=\"async\" width=\"500\" height=\"281\" src=\"https:\/\/logibrex.be\/wp-content\/uploads\/2022\/02\/Logibrex-4-500x281.jpg\" class=\"attachment-medium size-medium wp-image-513\" alt=\"\" srcset=\"https:\/\/logibrex.be\/wp-content\/uploads\/2022\/02\/Logibrex-4-500x281.jpg 500w, https:\/\/logibrex.be\/wp-content\/uploads\/2022\/02\/Logibrex-4-768x432.jpg 768w, https:\/\/logibrex.be\/wp-content\/uploads\/2022\/02\/Logibrex-4-18x10.jpg 18w, https:\/\/logibrex.be\/wp-content\/uploads\/2022\/02\/Logibrex-4.jpg 853w\" sizes=\"(max-width: 500px) 100vw, 500px\" \/>\t\t\t\t\t\t\t\t\t\t\t\t\t\t\t<\/div>\n\t\t\t\t<\/div>\n\t\t\t\t\t<\/div>\n\t\t<\/div>\n\t\t\t\t\t<\/div>\n\t\t<\/section>\n\t\t\t\t<section class=\"elementor-section elementor-top-section elementor-element elementor-element-ddc7e02 elementor-reverse-mobile elementor-section-boxed elementor-section-height-default elementor-section-height-default\" data-id=\"ddc7e02\" data-element_type=\"section\" data-e-type=\"section\">\n\t\t\t\t\t\t<div class=\"elementor-container elementor-column-gap-default\">\n\t\t\t\t\t<div class=\"elementor-column elementor-col-50 elementor-top-column elementor-element elementor-element-f6f15bc\" data-id=\"f6f15bc\" data-element_type=\"column\" data-e-type=\"column\">\n\t\t\t<div class=\"elementor-widget-wrap elementor-element-populated\">\n\t\t\t\t\t\t<div class=\"elementor-element elementor-element-6a8c608 elementor-widget elementor-widget-image\" data-id=\"6a8c608\" data-element_type=\"widget\" data-e-type=\"widget\" data-widget_type=\"image.default\">\n\t\t\t\t<div class=\"elementor-widget-container\">\n\t\t\t\t\t\t\t\t\t\t\t\t\t\t\t<img loading=\"lazy\" decoding=\"async\" width=\"768\" height=\"493\" src=\"https:\/\/logibrex.be\/wp-content\/uploads\/2022\/02\/Logibrex-service-768x493.jpg\" class=\"attachment-medium_large size-medium_large wp-image-516\" alt=\"\" srcset=\"https:\/\/logibrex.be\/wp-content\/uploads\/2022\/02\/Logibrex-service-768x493.jpg 768w, https:\/\/logibrex.be\/wp-content\/uploads\/2022\/02\/Logibrex-service-500x321.jpg 500w, https:\/\/logibrex.be\/wp-content\/uploads\/2022\/02\/Logibrex-service-18x12.jpg 18w, https:\/\/logibrex.be\/wp-content\/uploads\/2022\/02\/Logibrex-service.jpg 934w\" sizes=\"(max-width: 768px) 100vw, 768px\" \/>\t\t\t\t\t\t\t\t\t\t\t\t\t\t\t<\/div>\n\t\t\t\t<\/div>\n\t\t\t\t\t<\/div>\n\t\t<\/div>\n\t\t\t\t<div class=\"elementor-column elementor-col-50 elementor-top-column elementor-element elementor-element-33cfe75\" data-id=\"33cfe75\" data-element_type=\"column\" data-e-type=\"column\">\n\t\t\t<div class=\"elementor-widget-wrap elementor-element-populated\">\n\t\t\t\t\t\t<div class=\"elementor-element elementor-element-ce18172 elementor-widget elementor-widget-heading\" data-id=\"ce18172\" data-element_type=\"widget\" data-e-type=\"widget\" data-widget_type=\"heading.default\">\n\t\t\t\t<div class=\"elementor-widget-container\">\n\t\t\t\t\t<h2 class=\"elementor-heading-title elementor-size-default\">Services suppl\u00e9mentaires<\/h2>\t\t\t\t<\/div>\n\t\t\t\t<\/div>\n\t\t\t\t<div class=\"elementor-element elementor-element-96a04c2 elementor-widget elementor-widget-text-editor\" data-id=\"96a04c2\" data-element_type=\"widget\" data-e-type=\"widget\" data-widget_type=\"text-editor.default\">\n\t\t\t\t<div class=\"elementor-widget-container\">\n\t\t\t\t\t\t\t\t\t<p>Nous proposons <strong>beaucoup plus<\/strong> que le transport et l'acheminement. Nous organisons pour vous tous <strong>travail suppl\u00e9mentaire<\/strong> comme :<\/p><ul><li><strong>Assurance transport<\/strong>Si vous le souhaitez, nous vous soumettrons une offre appropri\u00e9e par l'interm\u00e9diaire de notre agent immobilier.<\/li><li>Pour vos envois en dehors de l'Union europ\u00e9enne, nous pouvons \u00e9galement vous fournir les \u00e9l\u00e9ments suivants <strong>formalit\u00e9s douani\u00e8res<\/strong> ou le faire r\u00e9aliser par l'un de nos partenaires. Dans tous les cas, nous vous aiderons en paroles et en actes. Nous organisons des transports quotidiens vers le Royaume-Uni sur la base de <strong>En voiture<\/strong> et ceci pour <strong>LTL<\/strong> comme <strong>FTL<\/strong>.<\/li><\/ul>\t\t\t\t\t\t\t\t<\/div>\n\t\t\t\t<\/div>\n\t\t\t\t\t<\/div>\n\t\t<\/div>\n\t\t\t\t\t<\/div>\n\t\t<\/section>\n\t\t\t\t<\/div>","protected":false},"excerpt":{"rendered":"<p>Transport Service Algemeen Wegvervoer van Groepage, Deelpartijen &#038; Volle Vrachten: Ongeacht de grootte van uw lading, wij verzorgen het wegvervoer van groepage, maar ook van deelpartijen tot volle vrachten. Door onze jarenlange ervaring kunnen we rekenen op een uitgebreid Europees netwerk van partners en vervoerders. E\u00e9n voor \u00e9\u00e9n specialisten in hun regio of experten in [&hellip;]<\/p>\n","protected":false},"author":2,"featured_media":0,"parent":0,"menu_order":0,"comment_status":"closed","ping_status":"closed","template":"","meta":{"_seopress_robots_primary_cat":"","_seopress_titles_title":"","_seopress_titles_desc":"","_seopress_robots_index":"","footnotes":""},"class_list":["post-14","page","type-page","status-publish","hentry"],"_links":{"self":[{"href":"https:\/\/logibrex.be\/fr\/wp-json\/wp\/v2\/pages\/14","targetHints":{"allow":["GET"]}}],"collection":[{"href":"https:\/\/logibrex.be\/fr\/wp-json\/wp\/v2\/pages"}],"about":[{"href":"https:\/\/logibrex.be\/fr\/wp-json\/wp\/v2\/types\/page"}],"author":[{"embeddable":true,"href":"https:\/\/logibrex.be\/fr\/wp-json\/wp\/v2\/users\/2"}],"replies":[{"embeddable":true,"href":"https:\/\/logibrex.be\/fr\/wp-json\/wp\/v2\/comments?post=14"}],"version-history":[{"count":0,"href":"https:\/\/logibrex.be\/fr\/wp-json\/wp\/v2\/pages\/14\/revisions"}],"wp:attachment":[{"href":"https:\/\/logibrex.be\/fr\/wp-json\/wp\/v2\/media?parent=14"}],"curies":[{"name":"wp","href":"https:\/\/api.w.org\/{rel}","templated":true}]}}