{"id":10,"date":"2022-01-26T13:30:52","date_gmt":"2022-01-26T13:30:52","guid":{"rendered":"https:\/\/logibrex.mailbox-marketing9.be\/?page_id=10"},"modified":"2022-02-08T15:53:57","modified_gmt":"2022-02-08T14:53:57","slug":"domicile","status":"publish","type":"page","link":"https:\/\/logibrex.be\/fr\/","title":{"rendered":"Accueil"},"content":{"rendered":"<div data-elementor-type=\"wp-page\" data-elementor-id=\"10\" class=\"elementor elementor-10\" data-elementor-settings=\"{&quot;ha_cmc_init_switcher&quot;:&quot;no&quot;}\" data-elementor-post-type=\"page\">\n\t\t\t\t\t\t<section class=\"elementor-section elementor-top-section elementor-element elementor-element-72bd15b elementor-section-height-min-height elementor-section-items-stretch elementor-section-content-bottom elementor-section-boxed elementor-section-height-default\" data-id=\"72bd15b\" data-element_type=\"section\" data-e-type=\"section\" data-settings=\"{&quot;background_background&quot;:&quot;classic&quot;}\">\n\t\t\t\t\t\t\t<div class=\"elementor-background-overlay\"><\/div>\n\t\t\t\t\t\t\t<div class=\"elementor-container elementor-column-gap-default\">\n\t\t\t\t\t<div class=\"elementor-column elementor-col-100 elementor-top-column elementor-element elementor-element-9559a1e\" data-id=\"9559a1e\" data-element_type=\"column\" data-e-type=\"column\">\n\t\t\t<div class=\"elementor-widget-wrap elementor-element-populated\">\n\t\t\t\t\t\t<div class=\"elementor-element elementor-element-fa57e43 elementor-widget elementor-widget-spacer\" data-id=\"fa57e43\" data-element_type=\"widget\" data-e-type=\"widget\" data-widget_type=\"spacer.default\">\n\t\t\t\t<div class=\"elementor-widget-container\">\n\t\t\t\t\t\t\t<div class=\"elementor-spacer\">\n\t\t\t<div class=\"elementor-spacer-inner\"><\/div>\n\t\t<\/div>\n\t\t\t\t\t\t<\/div>\n\t\t\t\t<\/div>\n\t\t\t\t<div class=\"elementor-element elementor-element-c097775 elementor-widget__width-initial elementor-widget elementor-widget-heading\" data-id=\"c097775\" data-element_type=\"widget\" data-e-type=\"widget\" data-widget_type=\"heading.default\">\n\t\t\t\t<div class=\"elementor-widget-container\">\n\t\t\t\t\t<h1 class=\"elementor-heading-title elementor-size-default\">Nous allons <span class=\"yellowhead\">au-del\u00e0 de<\/span> vos attentes avec le sourire !<\/h1>\t\t\t\t<\/div>\n\t\t\t\t<\/div>\n\t\t\t\t<div class=\"elementor-element elementor-element-939f8b5 elementor-widget__width-initial elementor-widget elementor-widget-text-editor\" data-id=\"939f8b5\" data-element_type=\"widget\" data-e-type=\"widget\" data-widget_type=\"text-editor.default\">\n\t\t\t\t<div class=\"elementor-widget-container\">\n\t\t\t\t\t\t\t\t\t<p>En tant que transporteur exp\u00e9riment\u00e9, Logibrex veille \u00e0 ce que votre cargaison atteigne sa destination internationale. Et en attendant, nous sommes <strong>Toujours disponible<\/strong> pour toutes vos questions.<\/p>\t\t\t\t\t\t\t\t<\/div>\n\t\t\t\t<\/div>\n\t\t\t\t<div class=\"elementor-element elementor-element-b9168fd elementor-widget elementor-widget-button\" data-id=\"b9168fd\" data-element_type=\"widget\" data-e-type=\"widget\" data-widget_type=\"button.default\">\n\t\t\t\t<div class=\"elementor-widget-container\">\n\t\t\t\t\t\t\t\t\t<div class=\"elementor-button-wrapper\">\n\t\t\t\t\t<a class=\"elementor-button elementor-button-link elementor-size-sm\" href=\"https:\/\/logibrex.be\/fr\/services-de-transport\/\">\n\t\t\t\t\t\t<span class=\"elementor-button-content-wrapper\">\n\t\t\t\t\t\t\t\t\t<span class=\"elementor-button-text\">D\u00e9couvrez nos services<\/span>\n\t\t\t\t\t<\/span>\n\t\t\t\t\t<\/a>\n\t\t\t\t<\/div>\n\t\t\t\t\t\t\t\t<\/div>\n\t\t\t\t<\/div>\n\t\t\t\t\t<\/div>\n\t\t<\/div>\n\t\t\t\t\t<\/div>\n\t\t<\/section>\n\t\t\t\t<section class=\"elementor-section elementor-top-section elementor-element elementor-element-67553df elementor-section-boxed elementor-section-height-default elementor-section-height-default\" data-id=\"67553df\" data-element_type=\"section\" data-e-type=\"section\">\n\t\t\t\t\t\t<div class=\"elementor-container elementor-column-gap-default\">\n\t\t\t\t\t<div class=\"elementor-column elementor-col-50 elementor-top-column elementor-element elementor-element-e1b91d4\" data-id=\"e1b91d4\" data-element_type=\"column\" data-e-type=\"column\">\n\t\t\t<div class=\"elementor-widget-wrap elementor-element-populated\">\n\t\t\t\t\t\t<div class=\"elementor-element elementor-element-9e9cc23 elementor-widget elementor-widget-heading\" data-id=\"9e9cc23\" data-element_type=\"widget\" data-e-type=\"widget\" data-widget_type=\"heading.default\">\n\t\t\t\t<div class=\"elementor-widget-container\">\n\t\t\t\t\t<h2 class=\"elementor-heading-title elementor-size-default\">Un transport sur mesure !<\/h2>\t\t\t\t<\/div>\n\t\t\t\t<\/div>\n\t\t\t\t<div class=\"elementor-element elementor-element-59a54c4 elementor-widget elementor-widget-text-editor\" data-id=\"59a54c4\" data-element_type=\"widget\" data-e-type=\"widget\" data-widget_type=\"text-editor.default\">\n\t\t\t\t<div class=\"elementor-widget-container\">\n\t\t\t\t\t\t\t\t\t<p>Logibrex BV a \u00e9t\u00e9 fond\u00e9e en 2013 par Yves Truyens avec plus de 30 ans d'exp\u00e9rience dans le monde du transport et de l'exp\u00e9dition et un r\u00e9seau qualitatif de partenaires fid\u00e8les.<\/p><p>Logibrex se charge des transports internationaux \u00e0 l'int\u00e9rieur et \u00e0 l'ext\u00e9rieur de l'Europe. <br \/>Nous servons des clients directs de divers secteurs tels que l'automobile, la chimie, la pharmacie, l'alimentation, etc. Mais les clients de plusieurs grands transitaires maritimes peuvent \u00e9galement compter sur nous.<\/p><p>Nous le faisons de la meilleure fa\u00e7on possible. En \u00e9tant \u00e0 l'\u00e9coute de nos clients et en \u00e9tant accessible \u00e0 tout moment. De cette fa\u00e7on, nous d\u00e9couvrons r\u00e9ellement quels sont leurs besoins en mati\u00e8re de transport et comment nous pouvons y r\u00e9pondre.<\/p><p>Nous offrons le transport <strong>sur mesure<\/strong> du client, <strong>bien inform\u00e9<\/strong>avec un \u0153il et une oreille pour <strong>d\u00e9tail<\/strong> et avec <strong>passion<\/strong> pour notre profession.<\/p>\t\t\t\t\t\t\t\t<\/div>\n\t\t\t\t<\/div>\n\t\t\t\t\t<\/div>\n\t\t<\/div>\n\t\t\t\t<div class=\"elementor-column elementor-col-50 elementor-top-column elementor-element elementor-element-b52db4e\" data-id=\"b52db4e\" data-element_type=\"column\" data-e-type=\"column\">\n\t\t\t<div class=\"elementor-widget-wrap elementor-element-populated\">\n\t\t\t\t\t\t<div class=\"elementor-element elementor-element-0ab2fdc elementor-widget elementor-widget-image\" data-id=\"0ab2fdc\" data-element_type=\"widget\" data-e-type=\"widget\" data-widget_type=\"image.default\">\n\t\t\t\t<div class=\"elementor-widget-container\">\n\t\t\t\t\t\t\t\t\t\t\t\t\t\t\t<img fetchpriority=\"high\" decoding=\"async\" width=\"746\" height=\"732\" src=\"https:\/\/logibrex.be\/wp-content\/uploads\/2022\/01\/Logibrex-europe-min.png\" class=\"attachment-large size-large wp-image-333\" alt=\"\" srcset=\"https:\/\/logibrex.be\/wp-content\/uploads\/2022\/01\/Logibrex-europe-min.png 746w, https:\/\/logibrex.be\/wp-content\/uploads\/2022\/01\/Logibrex-europe-min-500x491.png 500w\" sizes=\"(max-width: 746px) 100vw, 746px\" \/>\t\t\t\t\t\t\t\t\t\t\t\t\t\t\t<\/div>\n\t\t\t\t<\/div>\n\t\t\t\t\t<\/div>\n\t\t<\/div>\n\t\t\t\t\t<\/div>\n\t\t<\/section>\n\t\t\t\t<section class=\"elementor-section elementor-top-section elementor-element elementor-element-2004bd3 elementor-reverse-mobile elementor-section-boxed elementor-section-height-default elementor-section-height-default\" data-id=\"2004bd3\" data-element_type=\"section\" data-e-type=\"section\">\n\t\t\t\t\t\t<div class=\"elementor-container elementor-column-gap-default\">\n\t\t\t\t\t<div class=\"elementor-column elementor-col-50 elementor-top-column elementor-element elementor-element-3b42d95\" data-id=\"3b42d95\" data-element_type=\"column\" data-e-type=\"column\">\n\t\t\t<div class=\"elementor-widget-wrap elementor-element-populated\">\n\t\t\t\t\t\t<div class=\"elementor-element elementor-element-5a56f08 elementor-widget elementor-widget-image\" data-id=\"5a56f08\" data-element_type=\"widget\" data-e-type=\"widget\" data-widget_type=\"image.default\">\n\t\t\t\t<div class=\"elementor-widget-container\">\n\t\t\t\t\t\t\t\t\t\t\t\t\t\t\t<img decoding=\"async\" width=\"800\" height=\"534\" src=\"https:\/\/logibrex.be\/wp-content\/uploads\/2022\/01\/Logibrex-driver-min.jpg\" class=\"attachment-large size-large wp-image-331\" alt=\"\" srcset=\"https:\/\/logibrex.be\/wp-content\/uploads\/2022\/01\/Logibrex-driver-min.jpg 1000w, https:\/\/logibrex.be\/wp-content\/uploads\/2022\/01\/Logibrex-driver-min-500x334.jpg 500w, https:\/\/logibrex.be\/wp-content\/uploads\/2022\/01\/Logibrex-driver-min-768x512.jpg 768w\" sizes=\"(max-width: 800px) 100vw, 800px\" \/>\t\t\t\t\t\t\t\t\t\t\t\t\t\t\t<\/div>\n\t\t\t\t<\/div>\n\t\t\t\t\t<\/div>\n\t\t<\/div>\n\t\t\t\t<div class=\"elementor-column elementor-col-50 elementor-top-column elementor-element elementor-element-56e23a6\" data-id=\"56e23a6\" data-element_type=\"column\" data-e-type=\"column\">\n\t\t\t<div class=\"elementor-widget-wrap elementor-element-populated\">\n\t\t\t\t\t\t<div class=\"elementor-element elementor-element-8ddd990 elementor-widget elementor-widget-heading\" data-id=\"8ddd990\" data-element_type=\"widget\" data-e-type=\"widget\" data-widget_type=\"heading.default\">\n\t\t\t\t<div class=\"elementor-widget-container\">\n\t\t\t\t\t<h2 class=\"elementor-heading-title elementor-size-default\">Nous ne sommes peut-\u00eatre pas les plus grands, mais nous sommes sympathiques, humains, fiables et professionnels !<\/h2>\t\t\t\t<\/div>\n\t\t\t\t<\/div>\n\t\t\t\t<div class=\"elementor-element elementor-element-5480ff1 elementor-widget elementor-widget-text-editor\" data-id=\"5480ff1\" data-element_type=\"widget\" data-e-type=\"widget\" data-widget_type=\"text-editor.default\">\n\t\t\t\t<div class=\"elementor-widget-container\">\n\t\t\t\t\t\t\t\t\t<p>Chez Logibrex, nous visons la satisfaction maximale du client.<\/p><p>C'est pourquoi nous abordons notre activit\u00e9 et nos clients de mani\u00e8re humaine. Avec nous, vous ne vous retrouverez pas dans un service client\u00e8le via un centre d'appels. Ou que vous n'obteniez pas un KPI compliqu\u00e9.\u00a0<\/p><p>Vous \u00eates important pour nous ! N'h\u00e9sitez donc pas \u00e0 nous contacter.<\/p>\t\t\t\t\t\t\t\t<\/div>\n\t\t\t\t<\/div>\n\t\t\t\t<div class=\"elementor-element elementor-element-8d9258a elementor-align-left elementor-widget elementor-widget-button\" data-id=\"8d9258a\" data-element_type=\"widget\" data-e-type=\"widget\" data-widget_type=\"button.default\">\n\t\t\t\t<div class=\"elementor-widget-container\">\n\t\t\t\t\t\t\t\t\t<div class=\"elementor-button-wrapper\">\n\t\t\t\t\t<a class=\"elementor-button elementor-button-link elementor-size-sm\" href=\"https:\/\/logibrex.be\/fr\/contacter\/\">\n\t\t\t\t\t\t<span class=\"elementor-button-content-wrapper\">\n\t\t\t\t\t\t\t\t\t<span class=\"elementor-button-text\">Nous contacter<\/span>\n\t\t\t\t\t<\/span>\n\t\t\t\t\t<\/a>\n\t\t\t\t<\/div>\n\t\t\t\t\t\t\t\t<\/div>\n\t\t\t\t<\/div>\n\t\t\t\t\t<\/div>\n\t\t<\/div>\n\t\t\t\t\t<\/div>\n\t\t<\/section>\n\t\t\t\t<\/div>","protected":false},"excerpt":{"rendered":"<p>We go beyond your expectations with a smile! Als ervaren transporteur zorgt Logibrex ervoor dat uw (deel)lading zijn internationale bestemming bereikt. En ondertussen zijn wij altijd bereikbaar voor al uw vragen. Ontdek onze diensten Transport op maat! Logibrex BV is opgericht in 2013 door Yves Truyens met een ervaring van meer dan 30 jaar in [&hellip;]<\/p>\n","protected":false},"author":2,"featured_media":0,"parent":0,"menu_order":0,"comment_status":"closed","ping_status":"closed","template":"","meta":{"_seopress_robots_primary_cat":"","_seopress_titles_title":"","_seopress_titles_desc":"","_seopress_robots_index":"","footnotes":""},"class_list":["post-10","page","type-page","status-publish","hentry"],"_links":{"self":[{"href":"https:\/\/logibrex.be\/fr\/wp-json\/wp\/v2\/pages\/10","targetHints":{"allow":["GET"]}}],"collection":[{"href":"https:\/\/logibrex.be\/fr\/wp-json\/wp\/v2\/pages"}],"about":[{"href":"https:\/\/logibrex.be\/fr\/wp-json\/wp\/v2\/types\/page"}],"author":[{"embeddable":true,"href":"https:\/\/logibrex.be\/fr\/wp-json\/wp\/v2\/users\/2"}],"replies":[{"embeddable":true,"href":"https:\/\/logibrex.be\/fr\/wp-json\/wp\/v2\/comments?post=10"}],"version-history":[{"count":0,"href":"https:\/\/logibrex.be\/fr\/wp-json\/wp\/v2\/pages\/10\/revisions"}],"wp:attachment":[{"href":"https:\/\/logibrex.be\/fr\/wp-json\/wp\/v2\/media?parent=10"}],"curies":[{"name":"wp","href":"https:\/\/api.w.org\/{rel}","templated":true}]}}