{"id":14,"date":"2022-01-26T13:33:30","date_gmt":"2022-01-26T13:33:30","guid":{"rendered":"https:\/\/logibrex.mailbox-marketing9.be\/?page_id=14"},"modified":"2022-02-01T12:45:40","modified_gmt":"2022-02-01T12:45:40","slug":"transport-services","status":"publish","type":"page","link":"https:\/\/logibrex.be\/en\/transport-services\/","title":{"rendered":"Transport Services"},"content":{"rendered":"<div data-elementor-type=\"wp-page\" data-elementor-id=\"14\" class=\"elementor elementor-14\" data-elementor-settings=\"{&quot;ha_cmc_init_switcher&quot;:&quot;no&quot;}\" data-elementor-post-type=\"page\">\n\t\t\t\t\t\t<section class=\"elementor-section elementor-top-section elementor-element elementor-element-1594b59 elementor-section-height-min-height elementor-section-items-stretch elementor-section-content-bottom elementor-section-boxed elementor-section-height-default\" data-id=\"1594b59\" data-element_type=\"section\" data-e-type=\"section\" data-settings=\"{&quot;background_background&quot;:&quot;classic&quot;}\">\n\t\t\t\t\t\t\t<div class=\"elementor-background-overlay\"><\/div>\n\t\t\t\t\t\t\t<div class=\"elementor-container elementor-column-gap-default\">\n\t\t\t\t\t<div class=\"elementor-column elementor-col-100 elementor-top-column elementor-element elementor-element-1fbd85f\" data-id=\"1fbd85f\" data-element_type=\"column\" data-e-type=\"column\">\n\t\t\t<div class=\"elementor-widget-wrap elementor-element-populated\">\n\t\t\t\t\t\t<div class=\"elementor-element elementor-element-7fd0abf elementor-widget__width-initial elementor-widget elementor-widget-heading\" data-id=\"7fd0abf\" data-element_type=\"widget\" data-e-type=\"widget\" data-widget_type=\"heading.default\">\n\t\t\t\t<div class=\"elementor-widget-container\">\n\t\t\t\t\t<h1 class=\"elementor-heading-title elementor-size-default\">Transport Service<\/h1>\t\t\t\t<\/div>\n\t\t\t\t<\/div>\n\t\t\t\t\t<\/div>\n\t\t<\/div>\n\t\t\t\t\t<\/div>\n\t\t<\/section>\n\t\t\t\t<section class=\"elementor-section elementor-top-section elementor-element elementor-element-f518ba4 elementor-reverse-mobile elementor-section-boxed elementor-section-height-default elementor-section-height-default\" data-id=\"f518ba4\" data-element_type=\"section\" data-e-type=\"section\">\n\t\t\t\t\t\t<div class=\"elementor-container elementor-column-gap-default\">\n\t\t\t\t\t<div class=\"elementor-column elementor-col-50 elementor-top-column elementor-element elementor-element-5fa5e17\" data-id=\"5fa5e17\" data-element_type=\"column\" data-e-type=\"column\">\n\t\t\t<div class=\"elementor-widget-wrap elementor-element-populated\">\n\t\t\t\t\t\t<div class=\"elementor-element elementor-element-1880dfb elementor-widget elementor-widget-image\" data-id=\"1880dfb\" data-element_type=\"widget\" data-e-type=\"widget\" data-widget_type=\"image.default\">\n\t\t\t\t<div class=\"elementor-widget-container\">\n\t\t\t\t\t\t\t\t\t\t\t\t\t\t\t<img fetchpriority=\"high\" decoding=\"async\" width=\"768\" height=\"427\" src=\"https:\/\/logibrex.be\/wp-content\/uploads\/2022\/01\/Logibrex-1-768x427.jpg\" class=\"attachment-medium_large size-medium_large wp-image-448\" alt=\"\" srcset=\"https:\/\/logibrex.be\/wp-content\/uploads\/2022\/01\/Logibrex-1-768x427.jpg 768w, https:\/\/logibrex.be\/wp-content\/uploads\/2022\/01\/Logibrex-1-500x278.jpg 500w, https:\/\/logibrex.be\/wp-content\/uploads\/2022\/01\/Logibrex-1-1024x569.jpg 1024w, https:\/\/logibrex.be\/wp-content\/uploads\/2022\/01\/Logibrex-1.jpg 1366w\" sizes=\"(max-width: 768px) 100vw, 768px\" \/>\t\t\t\t\t\t\t\t\t\t\t\t\t\t\t<\/div>\n\t\t\t\t<\/div>\n\t\t\t\t\t<\/div>\n\t\t<\/div>\n\t\t\t\t<div class=\"elementor-column elementor-col-50 elementor-top-column elementor-element elementor-element-1e5b5f6\" data-id=\"1e5b5f6\" data-element_type=\"column\" data-e-type=\"column\">\n\t\t\t<div class=\"elementor-widget-wrap elementor-element-populated\">\n\t\t\t\t\t\t<div class=\"elementor-element elementor-element-7470836 elementor-widget elementor-widget-heading\" data-id=\"7470836\" data-element_type=\"widget\" data-e-type=\"widget\" data-widget_type=\"heading.default\">\n\t\t\t\t<div class=\"elementor-widget-container\">\n\t\t\t\t\t<h2 class=\"elementor-heading-title elementor-size-default\">General Road Transportation of Groupage, Partial Batches &amp; Full Freight:\n<\/h2>\t\t\t\t<\/div>\n\t\t\t\t<\/div>\n\t\t\t\t<div class=\"elementor-element elementor-element-4fba625 elementor-widget elementor-widget-text-editor\" data-id=\"4fba625\" data-element_type=\"widget\" data-e-type=\"widget\" data-widget_type=\"text-editor.default\">\n\t\t\t\t<div class=\"elementor-widget-container\">\n\t\t\t\t\t\t\t\t\t<p>Regardless of the size of your cargo, we provide road transport from groupage, as well as partial lots to full loads.<\/p><p>Through our <strong>years of experience<\/strong> we can rely on an extensive European network of partners and carriers. One by one <strong>specialists<\/strong> in their region or experts in their transportation niche.<\/p><p>Whether it's about <strong>1 pallet or a full load<\/strong>. We make sure your cargo reaches its international destination.<\/p><p>We have exactly the trucks that you may need: curtainsider trucks, box trucks, flatbed trucks, refrigerated trucks... We even have ADR trucks for the transport of your packaged dangerous goods throughout Europe.<\/p><p>Geographically, we offer our services over <strong>all of Europe<\/strong>, but with a thorough specialization on the following countries: United Kingdom, Germany, France, Italy, Spain and Eastern Europe. Also <strong>Pan-European<\/strong> shipments and consignments <strong>outside Europe are possible<\/strong>.<\/p>\t\t\t\t\t\t\t\t<\/div>\n\t\t\t\t<\/div>\n\t\t\t\t\t<\/div>\n\t\t<\/div>\n\t\t\t\t\t<\/div>\n\t\t<\/section>\n\t\t\t\t<section class=\"elementor-section elementor-top-section elementor-element elementor-element-88af352 elementor-section-boxed elementor-section-height-default elementor-section-height-default\" data-id=\"88af352\" data-element_type=\"section\" data-e-type=\"section\" data-settings=\"{&quot;background_background&quot;:&quot;classic&quot;}\">\n\t\t\t\t\t\t<div class=\"elementor-container elementor-column-gap-default\">\n\t\t\t\t\t<div class=\"elementor-column elementor-col-50 elementor-top-column elementor-element elementor-element-6085817\" data-id=\"6085817\" data-element_type=\"column\" data-e-type=\"column\">\n\t\t\t<div class=\"elementor-widget-wrap elementor-element-populated\">\n\t\t\t\t\t\t<div class=\"elementor-element elementor-element-02a936b elementor-widget elementor-widget-heading\" data-id=\"02a936b\" data-element_type=\"widget\" data-e-type=\"widget\" data-widget_type=\"heading.default\">\n\t\t\t\t<div class=\"elementor-widget-container\">\n\t\t\t\t\t<h2 class=\"elementor-heading-title elementor-size-default\">Express transportation \n<\/h2>\t\t\t\t<\/div>\n\t\t\t\t<\/div>\n\t\t\t\t<div class=\"elementor-element elementor-element-db4f32e elementor-widget elementor-widget-text-editor\" data-id=\"db4f32e\" data-element_type=\"widget\" data-e-type=\"widget\" data-widget_type=\"text-editor.default\">\n\t\t\t\t<div class=\"elementor-widget-container\">\n\t\t\t\t\t\t\t\t\t<p>Should it really <strong>fast<\/strong> go? We can help then too!<\/p><p>This can be done both for <strong>national<\/strong> as <strong>international<\/strong> destinations.<br \/>For small shipments, we use vans. <br \/>For the larger shipments, we can use trucks. <br \/>Whether or not with a <strong>double crew<\/strong> if it is needed!<\/p>\t\t\t\t\t\t\t\t<\/div>\n\t\t\t\t<\/div>\n\t\t\t\t\t<\/div>\n\t\t<\/div>\n\t\t\t\t<div class=\"elementor-column elementor-col-50 elementor-top-column elementor-element elementor-element-7e91d68\" data-id=\"7e91d68\" data-element_type=\"column\" data-e-type=\"column\">\n\t\t\t<div class=\"elementor-widget-wrap elementor-element-populated\">\n\t\t\t\t\t\t<div class=\"elementor-element elementor-element-b04a4ab elementor-widget__width-initial elementor-widget elementor-widget-image\" data-id=\"b04a4ab\" data-element_type=\"widget\" data-e-type=\"widget\" data-widget_type=\"image.default\">\n\t\t\t\t<div class=\"elementor-widget-container\">\n\t\t\t\t\t\t\t\t\t\t\t\t\t\t\t<img decoding=\"async\" width=\"500\" height=\"333\" src=\"https:\/\/logibrex.be\/wp-content\/uploads\/2022\/02\/Logibrex-2-500x333.jpg\" class=\"attachment-medium size-medium wp-image-512\" alt=\"\" srcset=\"https:\/\/logibrex.be\/wp-content\/uploads\/2022\/02\/Logibrex-2-500x333.jpg 500w, https:\/\/logibrex.be\/wp-content\/uploads\/2022\/02\/Logibrex-2-18x12.jpg 18w, https:\/\/logibrex.be\/wp-content\/uploads\/2022\/02\/Logibrex-2.jpg 720w\" sizes=\"(max-width: 500px) 100vw, 500px\" \/>\t\t\t\t\t\t\t\t\t\t\t\t\t\t\t<\/div>\n\t\t\t\t<\/div>\n\t\t\t\t<div class=\"elementor-element elementor-element-a73d69b elementor-widget__width-initial elementor-widget elementor-widget-image\" data-id=\"a73d69b\" data-element_type=\"widget\" data-e-type=\"widget\" data-widget_type=\"image.default\">\n\t\t\t\t<div class=\"elementor-widget-container\">\n\t\t\t\t\t\t\t\t\t\t\t\t\t\t\t<img decoding=\"async\" width=\"500\" height=\"333\" src=\"https:\/\/logibrex.be\/wp-content\/uploads\/2022\/02\/Logibrex-3-500x333.jpg\" class=\"attachment-medium size-medium wp-image-505\" alt=\"\" srcset=\"https:\/\/logibrex.be\/wp-content\/uploads\/2022\/02\/Logibrex-3-500x333.jpg 500w, https:\/\/logibrex.be\/wp-content\/uploads\/2022\/02\/Logibrex-3-18x12.jpg 18w, https:\/\/logibrex.be\/wp-content\/uploads\/2022\/02\/Logibrex-3.jpg 720w\" sizes=\"(max-width: 500px) 100vw, 500px\" \/>\t\t\t\t\t\t\t\t\t\t\t\t\t\t\t<\/div>\n\t\t\t\t<\/div>\n\t\t\t\t<div class=\"elementor-element elementor-element-d40b44a elementor-widget__width-initial elementor-widget elementor-widget-image\" data-id=\"d40b44a\" data-element_type=\"widget\" data-e-type=\"widget\" data-widget_type=\"image.default\">\n\t\t\t\t<div class=\"elementor-widget-container\">\n\t\t\t\t\t\t\t\t\t\t\t\t\t\t\t<img loading=\"lazy\" decoding=\"async\" width=\"500\" height=\"281\" src=\"https:\/\/logibrex.be\/wp-content\/uploads\/2022\/02\/Logibrex-4-500x281.jpg\" class=\"attachment-medium size-medium wp-image-513\" alt=\"\" srcset=\"https:\/\/logibrex.be\/wp-content\/uploads\/2022\/02\/Logibrex-4-500x281.jpg 500w, https:\/\/logibrex.be\/wp-content\/uploads\/2022\/02\/Logibrex-4-768x432.jpg 768w, https:\/\/logibrex.be\/wp-content\/uploads\/2022\/02\/Logibrex-4-18x10.jpg 18w, https:\/\/logibrex.be\/wp-content\/uploads\/2022\/02\/Logibrex-4.jpg 853w\" sizes=\"(max-width: 500px) 100vw, 500px\" \/>\t\t\t\t\t\t\t\t\t\t\t\t\t\t\t<\/div>\n\t\t\t\t<\/div>\n\t\t\t\t\t<\/div>\n\t\t<\/div>\n\t\t\t\t\t<\/div>\n\t\t<\/section>\n\t\t\t\t<section class=\"elementor-section elementor-top-section elementor-element elementor-element-ddc7e02 elementor-reverse-mobile elementor-section-boxed elementor-section-height-default elementor-section-height-default\" data-id=\"ddc7e02\" data-element_type=\"section\" data-e-type=\"section\">\n\t\t\t\t\t\t<div class=\"elementor-container elementor-column-gap-default\">\n\t\t\t\t\t<div class=\"elementor-column elementor-col-50 elementor-top-column elementor-element elementor-element-f6f15bc\" data-id=\"f6f15bc\" data-element_type=\"column\" data-e-type=\"column\">\n\t\t\t<div class=\"elementor-widget-wrap elementor-element-populated\">\n\t\t\t\t\t\t<div class=\"elementor-element elementor-element-6a8c608 elementor-widget elementor-widget-image\" data-id=\"6a8c608\" data-element_type=\"widget\" data-e-type=\"widget\" data-widget_type=\"image.default\">\n\t\t\t\t<div class=\"elementor-widget-container\">\n\t\t\t\t\t\t\t\t\t\t\t\t\t\t\t<img loading=\"lazy\" decoding=\"async\" width=\"768\" height=\"493\" src=\"https:\/\/logibrex.be\/wp-content\/uploads\/2022\/02\/Logibrex-service-768x493.jpg\" class=\"attachment-medium_large size-medium_large wp-image-516\" alt=\"\" srcset=\"https:\/\/logibrex.be\/wp-content\/uploads\/2022\/02\/Logibrex-service-768x493.jpg 768w, https:\/\/logibrex.be\/wp-content\/uploads\/2022\/02\/Logibrex-service-500x321.jpg 500w, https:\/\/logibrex.be\/wp-content\/uploads\/2022\/02\/Logibrex-service-18x12.jpg 18w, https:\/\/logibrex.be\/wp-content\/uploads\/2022\/02\/Logibrex-service.jpg 934w\" sizes=\"(max-width: 768px) 100vw, 768px\" \/>\t\t\t\t\t\t\t\t\t\t\t\t\t\t\t<\/div>\n\t\t\t\t<\/div>\n\t\t\t\t\t<\/div>\n\t\t<\/div>\n\t\t\t\t<div class=\"elementor-column elementor-col-50 elementor-top-column elementor-element elementor-element-33cfe75\" data-id=\"33cfe75\" data-element_type=\"column\" data-e-type=\"column\">\n\t\t\t<div class=\"elementor-widget-wrap elementor-element-populated\">\n\t\t\t\t\t\t<div class=\"elementor-element elementor-element-ce18172 elementor-widget elementor-widget-heading\" data-id=\"ce18172\" data-element_type=\"widget\" data-e-type=\"widget\" data-widget_type=\"heading.default\">\n\t\t\t\t<div class=\"elementor-widget-container\">\n\t\t\t\t\t<h2 class=\"elementor-heading-title elementor-size-default\">Additional Services<\/h2>\t\t\t\t<\/div>\n\t\t\t\t<\/div>\n\t\t\t\t<div class=\"elementor-element elementor-element-96a04c2 elementor-widget elementor-widget-text-editor\" data-id=\"96a04c2\" data-element_type=\"widget\" data-e-type=\"widget\" data-widget_type=\"text-editor.default\">\n\t\t\t\t<div class=\"elementor-widget-container\">\n\t\t\t\t\t\t\t\t\t<p>We offer <strong>far more<\/strong> than transport and haulage. We arrange for you all <strong>additional work<\/strong> such as:<\/p><ul><li><strong>A transport insurance<\/strong>: we will provide you with a suitable offer through our broker if you wish.<\/li><li>For your shipments outside the EU, we can also provide the <strong>customs formalities<\/strong> have it carried out by one of our partners. In any case, we will assist you with advice and assistance. We organize daily transports to the UK on the basis of <strong>Self-drive<\/strong> and this both for <strong>LTL<\/strong> as <strong>FTL<\/strong>.<\/li><\/ul>\t\t\t\t\t\t\t\t<\/div>\n\t\t\t\t<\/div>\n\t\t\t\t\t<\/div>\n\t\t<\/div>\n\t\t\t\t\t<\/div>\n\t\t<\/section>\n\t\t\t\t<\/div>","protected":false},"excerpt":{"rendered":"<p>Transport Service Algemeen Wegvervoer van Groepage, Deelpartijen &#038; Volle Vrachten: Ongeacht de grootte van uw lading, wij verzorgen het wegvervoer van groepage, maar ook van deelpartijen tot volle vrachten. Door onze jarenlange ervaring kunnen we rekenen op een uitgebreid Europees netwerk van partners en vervoerders. E\u00e9n voor \u00e9\u00e9n specialisten in hun regio of experten in [&hellip;]<\/p>\n","protected":false},"author":2,"featured_media":0,"parent":0,"menu_order":0,"comment_status":"closed","ping_status":"closed","template":"","meta":{"_seopress_robots_primary_cat":"","_seopress_titles_title":"","_seopress_titles_desc":"","_seopress_robots_index":"","footnotes":""},"class_list":["post-14","page","type-page","status-publish","hentry"],"_links":{"self":[{"href":"https:\/\/logibrex.be\/en\/wp-json\/wp\/v2\/pages\/14","targetHints":{"allow":["GET"]}}],"collection":[{"href":"https:\/\/logibrex.be\/en\/wp-json\/wp\/v2\/pages"}],"about":[{"href":"https:\/\/logibrex.be\/en\/wp-json\/wp\/v2\/types\/page"}],"author":[{"embeddable":true,"href":"https:\/\/logibrex.be\/en\/wp-json\/wp\/v2\/users\/2"}],"replies":[{"embeddable":true,"href":"https:\/\/logibrex.be\/en\/wp-json\/wp\/v2\/comments?post=14"}],"version-history":[{"count":0,"href":"https:\/\/logibrex.be\/en\/wp-json\/wp\/v2\/pages\/14\/revisions"}],"wp:attachment":[{"href":"https:\/\/logibrex.be\/en\/wp-json\/wp\/v2\/media?parent=14"}],"curies":[{"name":"wp","href":"https:\/\/api.w.org\/{rel}","templated":true}]}}